{"id":530,"date":"2021-07-14T14:59:11","date_gmt":"2021-07-14T14:59:11","guid":{"rendered":"https:\/\/www.grisard.ch\/2021\/?page_id=530"},"modified":"2021-07-20T13:52:14","modified_gmt":"2021-07-20T13:52:14","slug":"nos-valeurs","status":"publish","type":"page","link":"https:\/\/www.grisard.ch\/fr\/nos-valeurs\/","title":{"rendered":"Nos valeurs"},"content":{"rendered":"[vc_row type=\u00a0\u00bbin_container\u00a0\u00bb full_screen_row_position=\u00a0\u00bbmiddle\u00a0\u00bb column_margin=\u00a0\u00bbdefault\u00a0\u00bb equal_height=\u00a0\u00bbyes\u00a0\u00bb content_placement=\u00a0\u00bbmiddle\u00a0\u00bb column_direction=\u00a0\u00bbdefault\u00a0\u00bb column_direction_tablet=\u00a0\u00bbdefault\u00a0\u00bb column_direction_phone=\u00a0\u00bbdefault\u00a0\u00bb scene_position=\u00a0\u00bbcenter\u00a0\u00bb bottom_padding=\u00a0\u00bb50&Prime; text_color=\u00a0\u00bbdark\u00a0\u00bb text_align=\u00a0\u00bbcenter\u00a0\u00bb row_border_radius=\u00a0\u00bbnone\u00a0\u00bb row_border_radius_applies=\u00a0\u00bbbg\u00a0\u00bb overlay_strength=\u00a0\u00bb0.3&Prime; gradient_direction=\u00a0\u00bbleft_to_right\u00a0\u00bb shape_divider_position=\u00a0\u00bbbottom\u00a0\u00bb bg_image_animation=\u00a0\u00bbnone\u00a0\u00bb shape_type=\u00a0\u00bb\u00a0\u00bb][vc_column column_padding=\u00a0\u00bbno-extra-padding\u00a0\u00bb column_padding_tablet=\u00a0\u00bbinherit\u00a0\u00bb column_padding_phone=\u00a0\u00bbinherit\u00a0\u00bb column_padding_position=\u00a0\u00bbtop\u00a0\u00bb background_color_opacity=\u00a0\u00bb1&Prime; background_hover_color_opacity=\u00a0\u00bb1&Prime; column_shadow=\u00a0\u00bbnone\u00a0\u00bb column_border_radius=\u00a0\u00bbnone\u00a0\u00bb column_link_target=\u00a0\u00bb_self\u00a0\u00bb gradient_direction=\u00a0\u00bbleft_to_right\u00a0\u00bb overlay_strength=\u00a0\u00bb0.3&Prime; width=\u00a0\u00bb1\/2&Prime; tablet_width_inherit=\u00a0\u00bbdefault\u00a0\u00bb tablet_text_alignment=\u00a0\u00bbdefault\u00a0\u00bb phone_text_alignment=\u00a0\u00bbdefault\u00a0\u00bb column_border_width=\u00a0\u00bbnone\u00a0\u00bb column_border_style=\u00a0\u00bbsolid\u00a0\u00bb bg_image_animation=\u00a0\u00bbnone\u00a0\u00bb][\/vc_column][vc_column column_padding=\u00a0\u00bbno-extra-padding\u00a0\u00bb column_padding_tablet=\u00a0\u00bbinherit\u00a0\u00bb column_padding_phone=\u00a0\u00bbinherit\u00a0\u00bb column_padding_position=\u00a0\u00bball\u00a0\u00bb centered_text=\u00a0\u00bbtrue\u00a0\u00bb background_color_opacity=\u00a0\u00bb1&Prime; background_hover_color_opacity=\u00a0\u00bb1&Prime; column_shadow=\u00a0\u00bbnone\u00a0\u00bb column_border_radius=\u00a0\u00bbnone\u00a0\u00bb column_link_target=\u00a0\u00bb_self\u00a0\u00bb gradient_direction=\u00a0\u00bbleft_to_right\u00a0\u00bb overlay_strength=\u00a0\u00bb0.3&Prime; width=\u00a0\u00bb1\/2&Prime; tablet_width_inherit=\u00a0\u00bbdefault\u00a0\u00bb tablet_text_alignment=\u00a0\u00bbdefault\u00a0\u00bb phone_text_alignment=\u00a0\u00bbdefault\u00a0\u00bb column_border_width=\u00a0\u00bbnone\u00a0\u00bb column_border_style=\u00a0\u00bbsolid\u00a0\u00bb bg_image_animation=\u00a0\u00bbnone\u00a0\u00bb][vc_column_text]\n<h1>Nos valeurs<\/h1>\n[\/vc_column_text][divider line_type=\u00a0\u00bbSmall Line\u00a0\u00bb line_alignment=\u00a0\u00bbdefault\u00a0\u00bb line_thickness=\u00a0\u00bb6&Prime; divider_color=\u00a0\u00bbaccent-color\u00a0\u00bb custom_height=\u00a0\u00bb25&Prime;][divider line_type=\u00a0\u00bbNo Line\u00a0\u00bb custom_height=\u00a0\u00bb25&Prime;][\/vc_column][\/vc_row][vc_row type=\u00a0\u00bbin_container\u00a0\u00bb full_screen_row_position=\u00a0\u00bbmiddle\u00a0\u00bb column_margin=\u00a0\u00bbdefault\u00a0\u00bb equal_height=\u00a0\u00bbyes\u00a0\u00bb content_placement=\u00a0\u00bbmiddle\u00a0\u00bb column_direction=\u00a0\u00bbdefault\u00a0\u00bb column_direction_tablet=\u00a0\u00bbdefault\u00a0\u00bb column_direction_phone=\u00a0\u00bbdefault\u00a0\u00bb scene_position=\u00a0\u00bbcenter\u00a0\u00bb bottom_padding=\u00a0\u00bb50&Prime; text_color=\u00a0\u00bbdark\u00a0\u00bb text_align=\u00a0\u00bbcenter\u00a0\u00bb row_border_radius=\u00a0\u00bbnone\u00a0\u00bb row_border_radius_applies=\u00a0\u00bbbg\u00a0\u00bb overlay_strength=\u00a0\u00bb0.3&Prime; gradient_direction=\u00a0\u00bbleft_to_right\u00a0\u00bb shape_divider_position=\u00a0\u00bbbottom\u00a0\u00bb bg_image_animation=\u00a0\u00bbnone\u00a0\u00bb shape_type=\u00a0\u00bb\u00a0\u00bb][vc_column column_padding=\u00a0\u00bbno-extra-padding\u00a0\u00bb column_padding_tablet=\u00a0\u00bbinherit\u00a0\u00bb column_padding_phone=\u00a0\u00bbinherit\u00a0\u00bb column_padding_position=\u00a0\u00bbtop\u00a0\u00bb background_color_opacity=\u00a0\u00bb1&Prime; background_hover_color_opacity=\u00a0\u00bb1&Prime; column_shadow=\u00a0\u00bbnone\u00a0\u00bb column_border_radius=\u00a0\u00bbnone\u00a0\u00bb column_link_target=\u00a0\u00bb_self\u00a0\u00bb gradient_direction=\u00a0\u00bbleft_to_right\u00a0\u00bb overlay_strength=\u00a0\u00bb0.3&Prime; width=\u00a0\u00bb1\/2&Prime; tablet_width_inherit=\u00a0\u00bbdefault\u00a0\u00bb tablet_text_alignment=\u00a0\u00bbdefault\u00a0\u00bb phone_text_alignment=\u00a0\u00bbdefault\u00a0\u00bb column_border_width=\u00a0\u00bbnone\u00a0\u00bb column_border_style=\u00a0\u00bbsolid\u00a0\u00bb bg_image_animation=\u00a0\u00bbnone\u00a0\u00bb][image_with_animation image_url=\u00a0\u00bb484&Prime; animation=\u00a0\u00bbFade In\u00a0\u00bb hover_animation=\u00a0\u00bbnone\u00a0\u00bb alignment=\u00a0\u00bb\u00a0\u00bb border_radius=\u00a0\u00bbnone\u00a0\u00bb box_shadow=\u00a0\u00bbnone\u00a0\u00bb image_loading=\u00a0\u00bbdefault\u00a0\u00bb max_width=\u00a0\u00bb100%\u00a0\u00bb max_width_mobile=\u00a0\u00bbdefault\u00a0\u00bb][vc_column_text]\n<p style=\"margin: 0cm; text-align: left;\"><b>Christian Jacobi, Directeur Produits Routiers<\/b><\/p>\n[\/vc_column_text][\/vc_column][vc_column column_padding=\u00a0\u00bbno-extra-padding\u00a0\u00bb column_padding_tablet=\u00a0\u00bbinherit\u00a0\u00bb column_padding_phone=\u00a0\u00bbinherit\u00a0\u00bb column_padding_position=\u00a0\u00bball\u00a0\u00bb centered_text=\u00a0\u00bbtrue\u00a0\u00bb background_color_opacity=\u00a0\u00bb1&Prime; background_hover_color_opacity=\u00a0\u00bb1&Prime; column_shadow=\u00a0\u00bbnone\u00a0\u00bb column_border_radius=\u00a0\u00bbnone\u00a0\u00bb column_link_target=\u00a0\u00bb_self\u00a0\u00bb gradient_direction=\u00a0\u00bbleft_to_right\u00a0\u00bb overlay_strength=\u00a0\u00bb0.3&Prime; width=\u00a0\u00bb1\/2&Prime; tablet_width_inherit=\u00a0\u00bbdefault\u00a0\u00bb tablet_text_alignment=\u00a0\u00bbdefault\u00a0\u00bb phone_text_alignment=\u00a0\u00bbdefault\u00a0\u00bb column_border_width=\u00a0\u00bbnone\u00a0\u00bb column_border_style=\u00a0\u00bbsolid\u00a0\u00bb bg_image_animation=\u00a0\u00bbnone\u00a0\u00bb][vc_column_text]\n<p style=\"margin: 0cm; text-align: left;\"><b>Esprit d&rsquo;entreprise<\/b><\/p>\n<p style=\"margin: 0cm; text-align: left;\">Nous sommes d\u00e9termin\u00e9s, ouverts aux nouvelles id\u00e9es et nous nous effor\u00e7ons de cr\u00e9er une valeur \u00e0 long terme. Nous entretenons un \u00e9change intensif avec nos partenaires commerciaux.<\/p>\n<p style=\"margin: 0cm; text-align: left;\"><b>Qualit\u00e9<\/b><\/p>\n<p style=\"margin: 0cm; text-align: left;\">Nous attachons une grande importance \u00e0 la comp\u00e9tence. Nous connaissons les besoins de nos clients et compl\u00e9tons leur valeur ajout\u00e9e par nos services.<\/p>\n<p style=\"margin: 0cm; text-align: left;\"><b>Orientation client<\/b><\/p>\n<p style=\"margin: 0cm; text-align: left;\">Nous sommes accessibles. Nous \u00e9coutons. Nous sommes flexibles. Chaque commande pass\u00e9e chez nous est un signe de confiance.<\/p>\n<p style=\"margin: 0cm; text-align: left;\"><b>Le sens des responsabilit\u00e9s<\/b><\/p>\n<p style=\"margin: 0cm; text-align: left;\">Nous sommes responsables de nos employ\u00e9s et de l&rsquo;environnement. Pour nous, la s\u00e9curit\u00e9, le respect de la loi et l&rsquo;adh\u00e9sion \u00e0 des r\u00e8gles d\u00e9finies passent avant le profit.<\/p>\n<p style=\"margin: 0cm; text-align: left;\"><b>L&rsquo;esprit d&rsquo;\u00e9quipe<\/b><\/p>\n<p style=\"margin: 0cm; text-align: left;\">Nous favorisons un climat dans lequel des opinions diff\u00e9rentes peuvent \u00eatre exprim\u00e9es et comprises. Nous communiquons ouvertement, de mani\u00e8re appropri\u00e9e et rapide, cr\u00e9ant ainsi un environnement qui motive nos employ\u00e9s \u00e0 donner le meilleur d&rsquo;eux-m\u00eames.<\/p>\n[\/vc_column_text][\/vc_column][\/vc_row][vc_row type=\u00a0\u00bbin_container\u00a0\u00bb full_screen_row_position=\u00a0\u00bbmiddle\u00a0\u00bb column_margin=\u00a0\u00bbdefault\u00a0\u00bb equal_height=\u00a0\u00bbyes\u00a0\u00bb content_placement=\u00a0\u00bbmiddle\u00a0\u00bb column_direction=\u00a0\u00bbdefault\u00a0\u00bb column_direction_tablet=\u00a0\u00bbdefault\u00a0\u00bb column_direction_phone=\u00a0\u00bbdefault\u00a0\u00bb scene_position=\u00a0\u00bbcenter\u00a0\u00bb bottom_padding=\u00a0\u00bb50&Prime; text_color=\u00a0\u00bbdark\u00a0\u00bb text_align=\u00a0\u00bbleft\u00a0\u00bb row_border_radius=\u00a0\u00bbnone\u00a0\u00bb row_border_radius_applies=\u00a0\u00bbbg\u00a0\u00bb overlay_strength=\u00a0\u00bb0.3&Prime; gradient_direction=\u00a0\u00bbleft_to_right\u00a0\u00bb shape_divider_position=\u00a0\u00bbbottom\u00a0\u00bb bg_image_animation=\u00a0\u00bbnone\u00a0\u00bb shape_type=\u00a0\u00bb\u00a0\u00bb][vc_column column_padding=\u00a0\u00bbpadding-5-percent\u00a0\u00bb column_padding_tablet=\u00a0\u00bbno-extra-padding\u00a0\u00bb column_padding_phone=\u00a0\u00bbno-extra-padding\u00a0\u00bb column_padding_position=\u00a0\u00bbright\u00a0\u00bb background_color_opacity=\u00a0\u00bb1&Prime; background_hover_color_opacity=\u00a0\u00bb1&Prime; column_shadow=\u00a0\u00bbnone\u00a0\u00bb column_border_radius=\u00a0\u00bbnone\u00a0\u00bb column_link_target=\u00a0\u00bb_self\u00a0\u00bb gradient_direction=\u00a0\u00bbleft_to_right\u00a0\u00bb overlay_strength=\u00a0\u00bb0.3&Prime; width=\u00a0\u00bb1\/1&Prime; tablet_width_inherit=\u00a0\u00bbdefault\u00a0\u00bb tablet_text_alignment=\u00a0\u00bbdefault\u00a0\u00bb phone_text_alignment=\u00a0\u00bbdefault\u00a0\u00bb column_border_width=\u00a0\u00bbnone\u00a0\u00bb column_border_style=\u00a0\u00bbsolid\u00a0\u00bb bg_image_animation=\u00a0\u00bbnone\u00a0\u00bb][vc_column_text]\n<h1>Fascination Bitume<\/h1>\n[\/vc_column_text][divider line_type=\u00a0\u00bbSmall Line\u00a0\u00bb line_alignment=\u00a0\u00bbdefault\u00a0\u00bb line_thickness=\u00a0\u00bb6&Prime; divider_color=\u00a0\u00bbaccent-color\u00a0\u00bb custom_height=\u00a0\u00bb25&Prime;][divider line_type=\u00a0\u00bbNo Line\u00a0\u00bb custom_height=\u00a0\u00bb25&Prime;][vc_column_text]\n<p style=\"text-align: left;\"><strong>\u00abQui dit bitume, pense Grisard\u00bb<\/strong> \u2013 voil\u00e0 ce qui nous anime et nous motive \u00e0 rechercher la plus haute qualit\u00e9 et fiabilit\u00e9!<\/p>\n<p style=\"text-align: left;\">Le bitume est pour l&rsquo;observateur ext\u00e9rieur une substance noire et collante (sur la peinture de la voiture et sur la chaussure surtout g\u00eanante). L&rsquo;humanit\u00e9 utilise ce mat\u00e9riau depuis plus de 5 000 ans. Le bitume r\u00e9agit tr\u00e8s peu avec l&rsquo;environnement, voire pas du tout avec l&rsquo;eau, ce qui explique son utilisation pour l&rsquo;\u00e9tanch\u00e9it\u00e9, entre autres pour les bassins d&rsquo;eau potable.<\/p>\n<p style=\"text-align: left;\">Il y a plus de 130 ans, le docteur Goudron, un m\u00e9decin valaisan, a \u00e9t\u00e9 le premier \u00e0 utiliser le bitume pour lier la poussi\u00e8re des routes.<\/p>\n<p style=\"text-align: left;\">Le bitume est utilis\u00e9 comme liant dans la construction des routes depuis le 20e si\u00e8cle. La production de rev\u00eatements en asphalte est toujours bas\u00e9e sur un m\u00e9lange de granulats et de bitume comme liant. Selon la qualit\u00e9 des agr\u00e9gats et du bitume, l&rsquo;enrob\u00e9 re\u00e7oit des propri\u00e9t\u00e9s adapt\u00e9es \u00e0 l&rsquo;application. Les propri\u00e9t\u00e9s thermoplastiques du bitume (le bitume devient liquide lorsque la temp\u00e9rature augmente et redevient solide lorsqu&rsquo;il est refroidi, sans perdre ses propri\u00e9t\u00e9s de base) ouvrent un large \u00e9ventail d&rsquo;applications pour ce mat\u00e9riau de construction, notamment en mati\u00e8re de recyclage.<\/p>\n<p style=\"text-align: left;\">L&rsquo;asphalte r\u00e9cup\u00e9r\u00e9, comme aucun autre mat\u00e9riau de construction, peut \u00eatre tr\u00e8s bien recycl\u00e9. Aujourd&rsquo;hui, les usines de traitement modernes sont capables de recycler jusqu&rsquo;\u00e0 plus de 80 % du \u00ab\u00a0vieil asphalte\u00a0\u00bb. Notre objectif est de d\u00e9velopper les liants n\u00e9cessaires et d&rsquo;optimiser leurs propri\u00e9t\u00e9s afin d&rsquo;augmenter encore le recyclage et de l&rsquo;exploiter de mani\u00e8re durable.<\/p>\n<p style=\"text-align: left;\">En outre, le bitume peut \u00eatre modifi\u00e9 (par l&rsquo;ajout de certaines mati\u00e8res plastiques) et ainsi \u00eatre adapt\u00e9 sp\u00e9cifiquement aux exigences respectives. C&rsquo;est la base, entre autres, des rev\u00eatements routiers antibruit ou hydrofuges les plus populaires aujourd&rsquo;hui.<\/p>\n<p style=\"text-align: left;\">Nous sommes fascin\u00e9s par les propri\u00e9t\u00e9s et nous cherchons constamment \u00e0 les am\u00e9liorer. Que peut-on faire pour rendre les rev\u00eatements routiers encore plus durables ? De quel bitume avons-nous besoin pour augmenter encore le recyclage de l&rsquo;asphalte recycl\u00e9 ? Ces questions nous animent, d\u00e9terminent nos actions et constituent notre motivation.<\/p>\n<p style=\"text-align: left;\">Dans notre laboratoire (et en coop\u00e9ration avec des laboratoires de construction routi\u00e8re), nous analysons et \u00e9valuons encore et encore tous nos bitumes. Ces derniers respectent les normes applicables et parfois nous allons au-del\u00e0. Par exemple, l&rsquo;\u00e9tude (encore r\u00e9cente) r\u00e9alis\u00e9e avec le rh\u00e9om\u00e8tre \u00e0 cisaillement dynamique (DSR) nous donne des r\u00e9sultats tr\u00e8s int\u00e9ressants et approfondis et permet une tr\u00e8s bonne estimation des propri\u00e9t\u00e9s attendues du bitume dans le futur asphalte.<\/p>\n<p style=\"text-align: left;\">En collaboration avec Bitex Bimoid AG, nous recherchons des synergies et adaptons \u00e9galement le bitume \u00e0 leurs besoins sp\u00e9cifiques. Dans les deux secteurs d&rsquo;activit\u00e9, nous trouvons \u00e9galement des synergies dans le service \u00e0 la client\u00e8le et sur le march\u00e9.<\/p>\n<p style=\"text-align: left;\">Nous sommes heureux de partager notre enthousiasme et notre fascination pour le bitume avec nos clients et partenaires, fid\u00e8les \u00e0 la devise: <strong>\u00abQui dit bitume, pense Grisard\u00bb<\/strong><\/p>\n[\/vc_column_text][\/vc_column][\/vc_row]\n","protected":false},"excerpt":{"rendered":"<p>[vc_row type=\u00a0\u00bbin_container\u00a0\u00bb full_screen_row_position=\u00a0\u00bbmiddle\u00a0\u00bb column_margin=\u00a0\u00bbdefault\u00a0\u00bb equal_height=\u00a0\u00bbyes\u00a0\u00bb content_placement=\u00a0\u00bbmiddle\u00a0\u00bb column_direction=\u00a0\u00bbdefault\u00a0\u00bb column_direction_tablet=\u00a0\u00bbdefault\u00a0\u00bb column_direction_phone=\u00a0\u00bbdefault\u00a0\u00bb scene_position=\u00a0\u00bbcenter\u00a0\u00bb bottom_padding=\u00a0\u00bb50&Prime; text_color=\u00a0\u00bbdark\u00a0\u00bb text_align=\u00a0\u00bbcenter\u00a0\u00bb row_border_radius=\u00a0\u00bbnone\u00a0\u00bb row_border_radius_applies=\u00a0\u00bbbg\u00a0\u00bb overlay_strength=\u00a0\u00bb0.3&Prime; gradient_direction=\u00a0\u00bbleft_to_right\u00a0\u00bb shape_divider_position=\u00a0\u00bbbottom\u00a0\u00bb bg_image_animation=\u00a0\u00bbnone\u00a0\u00bb shape_type=\u00a0\u00bb\u00a0\u00bb][vc_column column_padding=\u00a0\u00bbno-extra-padding\u00a0\u00bb column_padding_tablet=\u00a0\u00bbinherit\u00a0\u00bb column_padding_phone=\u00a0\u00bbinherit\u00a0\u00bb column_padding_position=\u00a0\u00bbtop\u00a0\u00bb background_color_opacity=\u00a0\u00bb1&Prime; background_hover_color_opacity=\u00a0\u00bb1&Prime; column_shadow=\u00a0\u00bbnone\u00a0\u00bb column_border_radius=\u00a0\u00bbnone\u00a0\u00bb column_link_target=\u00a0\u00bb_self\u00a0\u00bb gradient_direction=\u00a0\u00bbleft_to_right\u00a0\u00bb&#8230;<\/p>\n","protected":false},"author":2,"featured_media":0,"parent":0,"menu_order":0,"comment_status":"closed","ping_status":"closed","template":"","meta":{"inline_featured_image":false,"footnotes":""},"class_list":["post-530","page","type-page","status-publish"],"_links":{"self":[{"href":"https:\/\/www.grisard.ch\/fr\/wp-json\/wp\/v2\/pages\/530","targetHints":{"allow":["GET"]}}],"collection":[{"href":"https:\/\/www.grisard.ch\/fr\/wp-json\/wp\/v2\/pages"}],"about":[{"href":"https:\/\/www.grisard.ch\/fr\/wp-json\/wp\/v2\/types\/page"}],"author":[{"embeddable":true,"href":"https:\/\/www.grisard.ch\/fr\/wp-json\/wp\/v2\/users\/2"}],"replies":[{"embeddable":true,"href":"https:\/\/www.grisard.ch\/fr\/wp-json\/wp\/v2\/comments?post=530"}],"version-history":[{"count":3,"href":"https:\/\/www.grisard.ch\/fr\/wp-json\/wp\/v2\/pages\/530\/revisions"}],"predecessor-version":[{"id":562,"href":"https:\/\/www.grisard.ch\/fr\/wp-json\/wp\/v2\/pages\/530\/revisions\/562"}],"wp:attachment":[{"href":"https:\/\/www.grisard.ch\/fr\/wp-json\/wp\/v2\/media?parent=530"}],"curies":[{"name":"wp","href":"https:\/\/api.w.org\/{rel}","templated":true}]}}